{"id":9517,"date":"2022-10-18T14:51:58","date_gmt":"2022-10-18T13:51:58","guid":{"rendered":"https:\/\/pousiohmr.pt\/?page_id=9517"},"modified":"2023-07-11T18:39:58","modified_gmt":"2023-07-11T17:39:58","slug":"mapa-do-site","status":"publish","type":"page","link":"https:\/\/pousiohmr.pt\/pt\/mapa-do-site\/","title":{"rendered":"Mapa do Site"},"content":{"rendered":"\t\t<div data-elementor-type=\"wp-page\" data-elementor-id=\"9517\" class=\"elementor elementor-9517\" data-elementor-post-type=\"page\">\n\t\t\t\t\t\t<section class=\"has_ma_el_bg_slider elementor-section elementor-top-section elementor-element elementor-element-7a29f31d elementor-section-boxed elementor-section-height-default elementor-section-height-default jltma-glass-effect-no\" data-particle_enable=\"false\" data-particle-mobile-disabled=\"false\" data-id=\"7a29f31d\" data-element_type=\"section\" data-settings=\"{&quot;_ha_eqh_enable&quot;:false,&quot;ekit_has_onepagescroll_dot&quot;:&quot;yes&quot;}\">\n\t\t\t\t\t\t<div class=\"elementor-container elementor-column-gap-default\">\n\t\t\t\t\t<div class=\"has_ma_el_bg_slider elementor-column elementor-col-100 elementor-top-column elementor-element elementor-element-13a06fa jltma-glass-effect-no\" data-id=\"13a06fa\" data-element_type=\"column\">\n\t\t\t<div class=\"elementor-widget-wrap elementor-element-populated\">\n\t\t\t\t\t\t<div class=\"elementor-element elementor-element-71724c8 jltma-glass-effect-no elementor-widget elementor-widget-spacer\" data-id=\"71724c8\" data-element_type=\"widget\" data-settings=\"{&quot;ekit_we_effect_on&quot;:&quot;none&quot;}\" data-widget_type=\"spacer.default\">\n\t\t\t\t<div class=\"elementor-widget-container\">\n\t\t\t\t\t<div class=\"elementor-spacer\">\n\t\t\t<div class=\"elementor-spacer-inner\"><\/div>\n\t\t<\/div>\n\t\t\t\t<\/div>\n\t\t\t\t<\/div>\n\t\t\t\t\t<\/div>\n\t\t<\/div>\n\t\t\t\t\t<\/div>\n\t\t<\/section>\n\t\t\t\t<section class=\"has_ma_el_bg_slider elementor-section elementor-top-section elementor-element elementor-element-3da9cea6 elementor-section-boxed elementor-section-height-default elementor-section-height-default jltma-glass-effect-no\" data-particle_enable=\"false\" data-particle-mobile-disabled=\"false\" data-id=\"3da9cea6\" data-element_type=\"section\" data-settings=\"{&quot;_ha_eqh_enable&quot;:false,&quot;ekit_has_onepagescroll_dot&quot;:&quot;yes&quot;}\">\n\t\t\t\t\t\t<div class=\"elementor-container elementor-column-gap-default\">\n\t\t\t\t\t<div class=\"has_ma_el_bg_slider elementor-column elementor-col-100 elementor-top-column elementor-element elementor-element-24b5deb1 jltma-glass-effect-no\" data-id=\"24b5deb1\" data-element_type=\"column\">\n\t\t\t<div class=\"elementor-widget-wrap elementor-element-populated\">\n\t\t\t\t\t\t<div class=\"elementor-element elementor-element-68b08ffe elementor-widget-divider--view-line_text elementor-widget-divider--element-align-left jltma-glass-effect-no elementor-widget elementor-widget-divider\" data-id=\"68b08ffe\" data-element_type=\"widget\" data-settings=\"{&quot;ekit_we_effect_on&quot;:&quot;none&quot;}\" data-widget_type=\"divider.default\">\n\t\t\t\t<div class=\"elementor-widget-container\">\n\t\t\t\t\t<div class=\"elementor-divider\">\n\t\t\t<span class=\"elementor-divider-separator\">\n\t\t\t\t\t\t\t<span class=\"elementor-divider__text elementor-divider__element\">\n\t\t\t\tMapa do Site\t\t\t\t<\/span>\n\t\t\t\t\t\t<\/span>\n\t\t<\/div>\n\t\t\t\t<\/div>\n\t\t\t\t<\/div>\n\t\t\t\t<section class=\"has_ma_el_bg_slider elementor-section elementor-inner-section elementor-element elementor-element-a7d2eac elementor-section-boxed elementor-section-height-default elementor-section-height-default jltma-glass-effect-no\" data-particle_enable=\"false\" data-particle-mobile-disabled=\"false\" data-id=\"a7d2eac\" data-element_type=\"section\" data-settings=\"{&quot;_ha_eqh_enable&quot;:false,&quot;ekit_has_onepagescroll_dot&quot;:&quot;yes&quot;}\">\n\t\t\t\t\t\t<div class=\"elementor-container elementor-column-gap-default\">\n\t\t\t\t\t<div class=\"has_ma_el_bg_slider elementor-column elementor-col-50 elementor-inner-column elementor-element elementor-element-c3ffb43 jltma-glass-effect-no\" data-id=\"c3ffb43\" data-element_type=\"column\">\n\t\t\t<div class=\"elementor-widget-wrap elementor-element-populated\">\n\t\t\t\t\t\t<div class=\"elementor-element elementor-element-6d36eb1 jltma-glass-effect-no elementor-widget elementor-widget-sitemap\" data-id=\"6d36eb1\" data-element_type=\"widget\" data-settings=\"{&quot;ekit_we_effect_on&quot;:&quot;none&quot;}\" data-widget_type=\"sitemap.default\">\n\t\t\t\t<div class=\"elementor-widget-container\">\n\t\t\t<div class=\"elementor-sitemap-wrap\"><div class=\"elementor-sitemap-section\"><h2 class=\"elementor-sitemap-title elementor-sitemap-page-title\">P\u00e1ginas<\/h2><ul class=\"elementor-sitemap-list elementor-sitemap-page-list\"><li class=\"elementor-sitemap-item elementor-sitemap-item-page page_item page-item-10479\"><a href=\"https:\/\/pousiohmr.pt\/pt\/sustentabilidade\/\">Sustentabilidade<\/a><\/li><li class=\"elementor-sitemap-item elementor-sitemap-item-page page_item page-item-6581\"><a href=\"https:\/\/pousiohmr.pt\/pt\/\">Pousio<\/a><\/li><li class=\"elementor-sitemap-item elementor-sitemap-item-page page_item page-item-10149\"><a href=\"https:\/\/pousiohmr.pt\/pt\/sobre-nos\/\">Sobre N\u00f3s<\/a><\/li><li class=\"elementor-sitemap-item elementor-sitemap-item-page page_item page-item-7156\"><a href=\"https:\/\/pousiohmr.pt\/pt\/equipa\/\">Equipa<\/a><\/li><li class=\"elementor-sitemap-item elementor-sitemap-item-page page_item page-item-299\"><a href=\"https:\/\/pousiohmr.pt\/pt\/produtos\/\">Produtos<\/a><\/li><li class=\"elementor-sitemap-item elementor-sitemap-item-page page_item page-item-656\"><a href=\"https:\/\/pousiohmr.pt\/pt\/loja-pousio\/\">Loja Pousio<\/a><\/li><li class=\"elementor-sitemap-item elementor-sitemap-item-page page_item page-item-10\"><a href=\"https:\/\/pousiohmr.pt\/pt\/minha-conta\/\">A Minha Conta<\/a><\/li><li class=\"elementor-sitemap-item elementor-sitemap-item-page page_item page-item-8\"><a href=\"https:\/\/pousiohmr.pt\/pt\/carrinho\/\">Carrinho<\/a><\/li><li class=\"elementor-sitemap-item elementor-sitemap-item-page page_item page-item-8782\"><a href=\"https:\/\/pousiohmr.pt\/pt\/finalizar-compra\/\">Finalizar compras<\/a><\/li><li class=\"elementor-sitemap-item elementor-sitemap-item-page page_item page-item-6272\"><a href=\"https:\/\/pousiohmr.pt\/pt\/blogue\/\">Blogue<\/a><ul class='children'><li class=\"elementor-sitemap-item elementor-sitemap-item-page page_item page-item-6615\"><a href=\"https:\/\/pousiohmr.pt\/pt\/blogue\/eventos\/\">Eventos<\/a><\/li><li class=\"elementor-sitemap-item elementor-sitemap-item-page page_item page-item-6610\"><a href=\"https:\/\/pousiohmr.pt\/pt\/blogue\/noticias\/\">Not\u00edcias<\/a><\/li><li class=\"elementor-sitemap-item elementor-sitemap-item-page page_item page-item-8691\"><a href=\"https:\/\/pousiohmr.pt\/pt\/blogue\/receitas\/\">Receitas<\/a><\/li><\/ul><\/li><li class=\"elementor-sitemap-item elementor-sitemap-item-page page_item page-item-292\"><a href=\"https:\/\/pousiohmr.pt\/pt\/contactos\/\">Contactos<\/a><\/li><li class=\"elementor-sitemap-item elementor-sitemap-item-page page_item page-item-251\"><a href=\"https:\/\/pousiohmr.pt\/pt\/entregas-e-devolucoes\/\">Entregas e Devolu\u00e7\u00f5es<\/a><\/li><li class=\"elementor-sitemap-item elementor-sitemap-item-page page_item page-item-3\"><a href=\"https:\/\/pousiohmr.pt\/pt\/politica-de-privacidade\/\">Pol\u00edtica de Privacidade<\/a><\/li><li class=\"elementor-sitemap-item elementor-sitemap-item-page page_item page-item-89\"><a href=\"https:\/\/pousiohmr.pt\/pt\/projecto-cofinanciado-pela-ue\/\">Projecto Cofinanciado pela UE<\/a><\/li><li class=\"elementor-sitemap-item elementor-sitemap-item-page page_item page-item-9517\"><a href=\"https:\/\/pousiohmr.pt\/pt\/mapa-do-site\/\">Mapa do Site<\/a><\/li><\/ul><\/div><\/div>\t\t<\/div>\n\t\t\t\t<\/div>\n\t\t\t\t\t<\/div>\n\t\t<\/div>\n\t\t\t\t<div class=\"has_ma_el_bg_slider elementor-column elementor-col-50 elementor-inner-column elementor-element elementor-element-8686456 jltma-glass-effect-no\" data-id=\"8686456\" data-element_type=\"column\">\n\t\t\t<div class=\"elementor-widget-wrap elementor-element-populated\">\n\t\t\t\t\t\t<div class=\"elementor-element elementor-element-f907cd4 jltma-glass-effect-no elementor-widget elementor-widget-sitemap\" data-id=\"f907cd4\" data-element_type=\"widget\" data-settings=\"{&quot;ekit_we_effect_on&quot;:&quot;none&quot;}\" data-widget_type=\"sitemap.default\">\n\t\t\t\t<div class=\"elementor-widget-container\">\n\t\t\t<div class=\"elementor-sitemap-wrap\"><div class=\"elementor-sitemap-section\"><h2 class=\"elementor-sitemap-title elementor-sitemap-product-title\">Produtos<\/h2><ul class=\"elementor-sitemap-list elementor-sitemap-product-list\"><li class=\"elementor-sitemap-item elementor-sitemap-item-product page_item page-item-10614\"><a href=\"https:\/\/pousiohmr.pt\/pt\/produto\/concours-mondial-de-bruxelles-2025\/\">Pack Concours Mondial de Bruxelles 2025<\/a><\/li><li class=\"elementor-sitemap-item elementor-sitemap-item-product page_item page-item-10371\"><a href=\"https:\/\/pousiohmr.pt\/pt\/produto\/pack-natal-hmr\/\">Pack Natal HMR<\/a><\/li><li class=\"elementor-sitemap-item elementor-sitemap-item-product page_item page-item-9937\"><a href=\"https:\/\/pousiohmr.pt\/pt\/produto\/caixa-de-madeira-pousio-parcela-98-2019\/\">Caixa de Madeira Pousio Parcela 98 2019<\/a><\/li><li class=\"elementor-sitemap-item elementor-sitemap-item-product page_item page-item-9936\"><a href=\"https:\/\/pousiohmr.pt\/pt\/produto\/caixa-de-madeira-pousio-syrah-2021\/\">Caixa de Madeira Pousio Syrah 2021<\/a><\/li><li class=\"elementor-sitemap-item elementor-sitemap-item-product page_item page-item-10436\"><a href=\"https:\/\/pousiohmr.pt\/pt\/produto\/pack-mundus-vini-2025\/\">Pack MUNDUS Vini 2025<\/a><\/li><li class=\"elementor-sitemap-item elementor-sitemap-item-product page_item page-item-9929\"><a href=\"https:\/\/pousiohmr.pt\/pt\/produto\/caixa-descoberta-os-grandes-vinhos-da-hmr-2\/\">Caixa &#8220;Descoberta os Grandes Vinhos da HMR&#8221;<\/a><\/li><li class=\"elementor-sitemap-item elementor-sitemap-item-product page_item page-item-9669\"><a href=\"https:\/\/pousiohmr.pt\/pt\/produto\/pack-dia-do-pai-2\/\">Pack Dia do Pai<\/a><\/li><li class=\"elementor-sitemap-item elementor-sitemap-item-product page_item page-item-9615\"><a href=\"https:\/\/pousiohmr.pt\/pt\/produto\/pack-azeite-by-mariana-carmona-e-costa\/\">Pack Azeite by Mariana Carmona e Costa<\/a><\/li><li class=\"elementor-sitemap-item elementor-sitemap-item-product page_item page-item-9871\"><a href=\"https:\/\/pousiohmr.pt\/pt\/produto\/pack-gift-2\/\">Pack Gift<\/a><\/li><li class=\"elementor-sitemap-item elementor-sitemap-item-product page_item page-item-9375\"><a href=\"https:\/\/pousiohmr.pt\/pt\/produto\/pack-selection\/\">Pack Selection<\/a><\/li><li class=\"elementor-sitemap-item elementor-sitemap-item-product page_item page-item-9872\"><a href=\"https:\/\/pousiohmr.pt\/pt\/produto\/pack-hmr-vinhos-premiados-2\/\">Pack HMR Vinhos Premiados<\/a><\/li><li class=\"elementor-sitemap-item elementor-sitemap-item-product page_item page-item-9878\"><a href=\"https:\/\/pousiohmr.pt\/pt\/produto\/pack-alentejo-hmr-2\/\">Pack Alentejo HMR<\/a><\/li><li class=\"elementor-sitemap-item elementor-sitemap-item-product page_item page-item-9934\"><a href=\"https:\/\/pousiohmr.pt\/pt\/produto\/pack-terra-e-mar-2\/\">Pack Terra e Mar<\/a><\/li><li class=\"elementor-sitemap-item elementor-sitemap-item-product page_item page-item-213\"><a href=\"https:\/\/pousiohmr.pt\/pt\/produto\/pack-tintos-hmr\/\">Pack Tintos HMR<\/a><\/li><li class=\"elementor-sitemap-item elementor-sitemap-item-product page_item page-item-9264\"><a href=\"https:\/\/pousiohmr.pt\/pt\/produto\/caixa-6-marmelar-tinto-2019\/\">Caixa 6 Marmelar Tinto 2019<\/a><\/li><li class=\"elementor-sitemap-item elementor-sitemap-item-product page_item page-item-9263\"><a href=\"https:\/\/pousiohmr.pt\/pt\/produto\/caixa-3-marmelar-tinto-2019\/\">Caixa 3 Marmelar Tinto 2019<\/a><\/li><li class=\"elementor-sitemap-item elementor-sitemap-item-product page_item page-item-9262\"><a href=\"https:\/\/pousiohmr.pt\/pt\/produto\/caixa-2-marmelar-tinto-2019\/\">Caixa 2 Marmelar Tinto 2019<\/a><\/li><li class=\"elementor-sitemap-item elementor-sitemap-item-product page_item page-item-9894\"><a href=\"https:\/\/pousiohmr.pt\/pt\/produto\/parcela-98-2019\/\">Parcela 98 2019<\/a><\/li><li class=\"elementor-sitemap-item elementor-sitemap-item-product page_item page-item-9892\"><a href=\"https:\/\/pousiohmr.pt\/pt\/produto\/syrah-2021\/\">Syrah 2021<\/a><\/li><li class=\"elementor-sitemap-item elementor-sitemap-item-product page_item page-item-9799\"><a href=\"https:\/\/pousiohmr.pt\/pt\/produto\/pousio-selection-tinto-2022\/\">Pousio Selection Tinto 2022<\/a><\/li><li class=\"elementor-sitemap-item elementor-sitemap-item-product page_item page-item-10239\"><a href=\"https:\/\/pousiohmr.pt\/pt\/produto\/pousio-selection-rose-2024\/\">Pousio Selection Ros\u00e9 2024<\/a><\/li><li class=\"elementor-sitemap-item elementor-sitemap-item-product page_item page-item-10240\"><a href=\"https:\/\/pousiohmr.pt\/pt\/produto\/pousio-selection-branco-2025\/\">Pousio Selection Branco 2025<\/a><\/li><li class=\"elementor-sitemap-item elementor-sitemap-item-product page_item page-item-9755\"><a href=\"https:\/\/pousiohmr.pt\/pt\/produto\/pousio-antao-vaz-alvarinho-2024\/\">Pousio Ant\u00e3o Vaz &#038; Alvarinho 2024<\/a><\/li><li class=\"elementor-sitemap-item elementor-sitemap-item-product page_item page-item-10237\"><a href=\"https:\/\/pousiohmr.pt\/pt\/produto\/pousio-arinto-2023\/\">Pousio Arinto 2023<\/a><\/li><li class=\"elementor-sitemap-item elementor-sitemap-item-product page_item page-item-10190\"><a href=\"https:\/\/pousiohmr.pt\/pt\/produto\/touriga-nacional-2022\/\">Touriga Nacional 2022<\/a><\/li><li class=\"elementor-sitemap-item elementor-sitemap-item-product page_item page-item-10438\"><a href=\"https:\/\/pousiohmr.pt\/pt\/produto\/pousio-alicante-bouschet-2021\/\">Pousio Alicante Bouschet 2021<\/a><\/li><li class=\"elementor-sitemap-item elementor-sitemap-item-product page_item page-item-10365\"><a href=\"https:\/\/pousiohmr.pt\/pt\/produto\/pousio-reserva-tinto-2022\/\">Pousio Reserva Tinto 2022<\/a><\/li><li class=\"elementor-sitemap-item elementor-sitemap-item-product page_item page-item-10262\"><a href=\"https:\/\/pousiohmr.pt\/pt\/produto\/pousio-reserva-branco-2024\/\">Pousio Reserva Branco 2024<\/a><\/li><li class=\"elementor-sitemap-item elementor-sitemap-item-product page_item page-item-10255\"><a href=\"https:\/\/pousiohmr.pt\/pt\/produto\/marmelar-branco-2023\/\">Marmelar Branco 2023<\/a><\/li><li class=\"elementor-sitemap-item elementor-sitemap-item-product page_item page-item-10269\"><a href=\"https:\/\/pousiohmr.pt\/pt\/produto\/marmelar-tinto-2019\/\">Marmelar Tinto 2019<\/a><\/li><li class=\"elementor-sitemap-item elementor-sitemap-item-product page_item page-item-232\"><a href=\"https:\/\/pousiohmr.pt\/pt\/produto\/azeite-virgem-extra-pousio-premium-05l\/\">Azeite Virgem Extra Pousio Premium 0,5L<\/a><\/li><li class=\"elementor-sitemap-item elementor-sitemap-item-product page_item page-item-239\"><a href=\"https:\/\/pousiohmr.pt\/pt\/produto\/azeite-virgem-extra-pousio-classico-025l\/\">Azeite Virgem Extra Pousio Cl\u00e1ssico 0,25L<\/a><\/li><li class=\"elementor-sitemap-item elementor-sitemap-item-product page_item page-item-9458\"><a href=\"https:\/\/pousiohmr.pt\/pt\/produto\/pousio-homenagem-oliveiras-centenarias\/\">Pousio Homenagem Oliveiras Centen\u00e1rias<\/a><\/li><li class=\"elementor-sitemap-item elementor-sitemap-item-product page_item page-item-229\"><a href=\"https:\/\/pousiohmr.pt\/pt\/produto\/azeite-virgem-extra-pousio-05l\/\">Azeite Virgem Extra Pousio 0,5L<\/a><\/li><li class=\"elementor-sitemap-item elementor-sitemap-item-product page_item page-item-221\"><a href=\"https:\/\/pousiohmr.pt\/pt\/produto\/azeite-virgem-extra-pousio-classico-3l\/\">Azeite Virgem Extra Pousio Cl\u00e1ssico 3L<\/a><\/li><li class=\"elementor-sitemap-item elementor-sitemap-item-product page_item page-item-245\"><a href=\"https:\/\/pousiohmr.pt\/pt\/produto\/vinagre-tinto-pousio-025l\/\">Vinagre Tinto Pousio 0,25L<\/a><\/li><li class=\"elementor-sitemap-item elementor-sitemap-item-product page_item page-item-238\"><a href=\"https:\/\/pousiohmr.pt\/pt\/produto\/vinagre-branco-pousio-025l\/\">Vinagre Branco Pousio 0,25L<\/a><\/li><li class=\"elementor-sitemap-item elementor-sitemap-item-product page_item page-item-220\"><a href=\"https:\/\/pousiohmr.pt\/pt\/produto\/mel-pousio\/\">Mel Pousio<\/a><\/li><\/ul><\/div><\/div>\t\t<\/div>\n\t\t\t\t<\/div>\n\t\t\t\t\t<\/div>\n\t\t<\/div>\n\t\t\t\t\t<\/div>\n\t\t<\/section>\n\t\t\t\t\t<\/div>\n\t\t<\/div>\n\t\t\t\t\t<\/div>\n\t\t<\/section>\n\t\t\t\t<section class=\"has_ma_el_bg_slider elementor-section elementor-top-section elementor-element elementor-element-feac4c8 elementor-section-boxed elementor-section-height-default elementor-section-height-default jltma-glass-effect-no\" data-particle_enable=\"false\" data-particle-mobile-disabled=\"false\" data-id=\"feac4c8\" data-element_type=\"section\" data-settings=\"{&quot;_ha_eqh_enable&quot;:false,&quot;ekit_has_onepagescroll_dot&quot;:&quot;yes&quot;}\">\n\t\t\t\t\t\t<div class=\"elementor-container elementor-column-gap-default\">\n\t\t\t\t\t<div class=\"has_ma_el_bg_slider elementor-column elementor-col-100 elementor-top-column elementor-element elementor-element-50d2c78 jltma-glass-effect-no\" data-id=\"50d2c78\" data-element_type=\"column\">\n\t\t\t<div class=\"elementor-widget-wrap elementor-element-populated\">\n\t\t\t\t\t\t<div class=\"elementor-element elementor-element-91a0556 jltma-glass-effect-no elementor-widget elementor-widget-spacer\" data-id=\"91a0556\" data-element_type=\"widget\" data-settings=\"{&quot;ekit_we_effect_on&quot;:&quot;none&quot;}\" data-widget_type=\"spacer.default\">\n\t\t\t\t<div class=\"elementor-widget-container\">\n\t\t\t\t\t<div class=\"elementor-spacer\">\n\t\t\t<div class=\"elementor-spacer-inner\"><\/div>\n\t\t<\/div>\n\t\t\t\t<\/div>\n\t\t\t\t<\/div>\n\t\t\t\t\t<\/div>\n\t\t<\/div>\n\t\t\t\t\t<\/div>\n\t\t<\/section>\n\t\t\t\t<\/div>\n\t\t","protected":false},"excerpt":{"rendered":"<p>Mapa do Site<\/p>\n","protected":false},"author":1,"featured_media":0,"parent":0,"menu_order":18,"comment_status":"closed","ping_status":"closed","template":"","meta":{"_acf_changed":false,"footnotes":""},"class_list":["post-9517","page","type-page","status-publish","hentry"],"acf":[],"yoast_head":"<!-- This site is optimized with the Yoast SEO Premium plugin v23.9 (Yoast SEO v24.4) - https:\/\/yoast.com\/wordpress\/plugins\/seo\/ -->\n<title>Mapa do Site - Pousio HMR<\/title>\n<meta name=\"robots\" content=\"index, follow, max-snippet:-1, max-image-preview:large, max-video-preview:-1\" \/>\n<link rel=\"canonical\" href=\"https:\/\/pousiohmr.pt\/pt\/mapa-do-site\/\" \/>\n<meta property=\"og:locale\" content=\"pt_PT\" \/>\n<meta property=\"og:type\" content=\"article\" \/>\n<meta property=\"og:title\" content=\"Mapa do Site\" \/>\n<meta property=\"og:description\" content=\"Mapa do Site\" \/>\n<meta property=\"og:url\" content=\"https:\/\/pousiohmr.pt\/pt\/mapa-do-site\/\" \/>\n<meta property=\"og:site_name\" content=\"Pousio HMR\" \/>\n<meta property=\"article:publisher\" content=\"https:\/\/www.facebook.com\/PousioHMR\/\" \/>\n<meta property=\"article:modified_time\" content=\"2023-07-11T17:39:58+00:00\" \/>\n<meta property=\"og:image\" content=\"https:\/\/pousiohmr.pt\/wp-content\/uploads\/2021\/11\/Lettering_Pousio.jpg\" \/>\n\t<meta property=\"og:image:width\" content=\"300\" \/>\n\t<meta property=\"og:image:height\" content=\"57\" \/>\n\t<meta property=\"og:image:type\" content=\"image\/jpeg\" \/>\n<meta name=\"twitter:card\" content=\"summary_large_image\" \/>\n<meta name=\"twitter:label1\" content=\"Tempo estimado de leitura\" \/>\n\t<meta name=\"twitter:data1\" content=\"2 minutos\" \/>\n<script type=\"application\/ld+json\" class=\"yoast-schema-graph\">{\"@context\":\"https:\/\/schema.org\",\"@graph\":[{\"@type\":\"WebPage\",\"@id\":\"https:\/\/pousiohmr.pt\/mapa-do-site\/\",\"url\":\"https:\/\/pousiohmr.pt\/mapa-do-site\/\",\"name\":\"Mapa do Site - Pousio HMR\",\"isPartOf\":{\"@id\":\"https:\/\/pousiohmr.pt\/#website\"},\"datePublished\":\"2022-10-18T13:51:58+00:00\",\"dateModified\":\"2023-07-11T17:39:58+00:00\",\"breadcrumb\":{\"@id\":\"https:\/\/pousiohmr.pt\/mapa-do-site\/#breadcrumb\"},\"inLanguage\":\"pt-PT\",\"potentialAction\":[{\"@type\":\"ReadAction\",\"target\":[\"https:\/\/pousiohmr.pt\/mapa-do-site\/\"]}]},{\"@type\":\"BreadcrumbList\",\"@id\":\"https:\/\/pousiohmr.pt\/mapa-do-site\/#breadcrumb\",\"itemListElement\":[{\"@type\":\"ListItem\",\"position\":1,\"name\":\"In\u00edcio\",\"item\":\"https:\/\/pousiohmr.pt\/\"},{\"@type\":\"ListItem\",\"position\":2,\"name\":\"Mapa do Site\"}]},{\"@type\":\"WebSite\",\"@id\":\"https:\/\/pousiohmr.pt\/#website\",\"url\":\"https:\/\/pousiohmr.pt\/\",\"name\":\"Pousio HMR\",\"description\":\"Pousio \u00e9 uma marca premium de vinhos e azeites alentejanos produzidos na Herdade do Monte da Ribeira, no cora\u00e7\u00e3o de Portugal.\",\"publisher\":{\"@id\":\"https:\/\/pousiohmr.pt\/#organization\"},\"potentialAction\":[{\"@type\":\"SearchAction\",\"target\":{\"@type\":\"EntryPoint\",\"urlTemplate\":\"https:\/\/pousiohmr.pt\/?s={search_term_string}\"},\"query-input\":{\"@type\":\"PropertyValueSpecification\",\"valueRequired\":true,\"valueName\":\"search_term_string\"}}],\"inLanguage\":\"pt-PT\"},{\"@type\":\"Organization\",\"@id\":\"https:\/\/pousiohmr.pt\/#organization\",\"name\":\"Pousio HMR\",\"url\":\"https:\/\/pousiohmr.pt\/\",\"logo\":{\"@type\":\"ImageObject\",\"inLanguage\":\"pt-PT\",\"@id\":\"https:\/\/pousiohmr.pt\/#\/schema\/logo\/image\/\",\"url\":\"https:\/\/pousiohmr.pt\/wp-content\/uploads\/2021\/11\/Lettering_Pousio.jpg\",\"contentUrl\":\"https:\/\/pousiohmr.pt\/wp-content\/uploads\/2021\/11\/Lettering_Pousio.jpg\",\"width\":300,\"height\":57,\"caption\":\"Pousio HMR\"},\"image\":{\"@id\":\"https:\/\/pousiohmr.pt\/#\/schema\/logo\/image\/\"},\"sameAs\":[\"https:\/\/www.facebook.com\/PousioHMR\/\",\"https:\/\/www.instagram.com\/pousiohmr\/\"]}]}<\/script>\n<!-- \/ Yoast SEO Premium plugin. -->","yoast_head_json":{"title":"Mapa do Site - Pousio HMR","robots":{"index":"index","follow":"follow","max-snippet":"max-snippet:-1","max-image-preview":"max-image-preview:large","max-video-preview":"max-video-preview:-1"},"canonical":"https:\/\/pousiohmr.pt\/pt\/mapa-do-site\/","og_locale":"pt_PT","og_type":"article","og_title":"Mapa do Site","og_description":"Mapa do Site","og_url":"https:\/\/pousiohmr.pt\/pt\/mapa-do-site\/","og_site_name":"Pousio HMR","article_publisher":"https:\/\/www.facebook.com\/PousioHMR\/","article_modified_time":"2023-07-11T17:39:58+00:00","og_image":[{"width":300,"height":57,"url":"https:\/\/pousiohmr.pt\/wp-content\/uploads\/2021\/11\/Lettering_Pousio.jpg","type":"image\/jpeg"}],"twitter_card":"summary_large_image","twitter_misc":{"Tempo estimado de leitura":"2 minutos"},"schema":{"@context":"https:\/\/schema.org","@graph":[{"@type":"WebPage","@id":"https:\/\/pousiohmr.pt\/mapa-do-site\/","url":"https:\/\/pousiohmr.pt\/mapa-do-site\/","name":"Mapa do Site - Pousio HMR","isPartOf":{"@id":"https:\/\/pousiohmr.pt\/#website"},"datePublished":"2022-10-18T13:51:58+00:00","dateModified":"2023-07-11T17:39:58+00:00","breadcrumb":{"@id":"https:\/\/pousiohmr.pt\/mapa-do-site\/#breadcrumb"},"inLanguage":"pt-PT","potentialAction":[{"@type":"ReadAction","target":["https:\/\/pousiohmr.pt\/mapa-do-site\/"]}]},{"@type":"BreadcrumbList","@id":"https:\/\/pousiohmr.pt\/mapa-do-site\/#breadcrumb","itemListElement":[{"@type":"ListItem","position":1,"name":"In\u00edcio","item":"https:\/\/pousiohmr.pt\/"},{"@type":"ListItem","position":2,"name":"Mapa do Site"}]},{"@type":"WebSite","@id":"https:\/\/pousiohmr.pt\/#website","url":"https:\/\/pousiohmr.pt\/","name":"Pousio HMR","description":"Pousio \u00e9 uma marca premium de vinhos e azeites alentejanos produzidos na Herdade do Monte da Ribeira, no cora\u00e7\u00e3o de Portugal.","publisher":{"@id":"https:\/\/pousiohmr.pt\/#organization"},"potentialAction":[{"@type":"SearchAction","target":{"@type":"EntryPoint","urlTemplate":"https:\/\/pousiohmr.pt\/?s={search_term_string}"},"query-input":{"@type":"PropertyValueSpecification","valueRequired":true,"valueName":"search_term_string"}}],"inLanguage":"pt-PT"},{"@type":"Organization","@id":"https:\/\/pousiohmr.pt\/#organization","name":"Pousio HMR","url":"https:\/\/pousiohmr.pt\/","logo":{"@type":"ImageObject","inLanguage":"pt-PT","@id":"https:\/\/pousiohmr.pt\/#\/schema\/logo\/image\/","url":"https:\/\/pousiohmr.pt\/wp-content\/uploads\/2021\/11\/Lettering_Pousio.jpg","contentUrl":"https:\/\/pousiohmr.pt\/wp-content\/uploads\/2021\/11\/Lettering_Pousio.jpg","width":300,"height":57,"caption":"Pousio HMR"},"image":{"@id":"https:\/\/pousiohmr.pt\/#\/schema\/logo\/image\/"},"sameAs":["https:\/\/www.facebook.com\/PousioHMR\/","https:\/\/www.instagram.com\/pousiohmr\/"]}]}},"_links":{"self":[{"href":"https:\/\/pousiohmr.pt\/pt\/wp-json\/wp\/v2\/pages\/9517","targetHints":{"allow":["GET"]}}],"collection":[{"href":"https:\/\/pousiohmr.pt\/pt\/wp-json\/wp\/v2\/pages"}],"about":[{"href":"https:\/\/pousiohmr.pt\/pt\/wp-json\/wp\/v2\/types\/page"}],"author":[{"embeddable":true,"href":"https:\/\/pousiohmr.pt\/pt\/wp-json\/wp\/v2\/users\/1"}],"replies":[{"embeddable":true,"href":"https:\/\/pousiohmr.pt\/pt\/wp-json\/wp\/v2\/comments?post=9517"}],"version-history":[{"count":0,"href":"https:\/\/pousiohmr.pt\/pt\/wp-json\/wp\/v2\/pages\/9517\/revisions"}],"wp:attachment":[{"href":"https:\/\/pousiohmr.pt\/pt\/wp-json\/wp\/v2\/media?parent=9517"}],"curies":[{"name":"wp","href":"https:\/\/api.w.org\/{rel}","templated":true}]}}